{"id":286,"date":"2025-04-24T22:59:24","date_gmt":"2025-04-24T22:59:24","guid":{"rendered":"https:\/\/excelsiorresorts.com.mx\/?page_id=286"},"modified":"2025-04-24T23:07:15","modified_gmt":"2025-04-24T23:07:15","slug":"politica-de-privacidad-2","status":"publish","type":"page","link":"https:\/\/excelsiorresorts.com.mx\/?page_id=286","title":{"rendered":"Pol\u00edtica de Privacidad"},"content":{"rendered":"\t\t<div data-elementor-type=\"wp-page\" data-elementor-id=\"286\" class=\"elementor elementor-286\" data-elementor-post-type=\"page\">\n\t\t\t\t<div class=\"elementor-element elementor-element-1512f3ee e-flex e-con-boxed e-con e-parent\" data-id=\"1512f3ee\" data-element_type=\"container\" data-settings=\"{&quot;background_background&quot;:&quot;classic&quot;}\">\n\t\t\t\t\t<div class=\"e-con-inner\">\n\t\t\t\t<div class=\"elementor-element elementor-element-4cd11cbd elementor-widget elementor-widget-elementskit-heading\" data-id=\"4cd11cbd\" data-element_type=\"widget\" data-widget_type=\"elementskit-heading.default\">\n\t\t\t\t<div class=\"elementor-widget-container\">\n\t\t\t\t\t<div class=\"ekit-wid-con\" ><div class=\"ekit-heading elementskit-section-title-wraper center   ekit_heading_tablet-   ekit_heading_mobile-\"><h2 class=\"ekit-heading--title elementskit-section-title text_fill\"><span><span>Pol\u00edticas de privacidad<\/span><\/span><\/h2><div class=\"ekit_heading_separetor_wraper ekit_heading_elementskit-border-divider elementskit-style-long\"><div class=\"elementskit-border-divider elementskit-style-long\"><\/div><\/div><\/div><\/div>\t\t\t\t<\/div>\n\t\t\t\t<\/div>\n\t\t\t\t\t<\/div>\n\t\t\t\t<\/div>\n\t\t<div class=\"elementor-element elementor-element-de27f17 e-flex e-con-boxed e-con e-parent\" data-id=\"de27f17\" data-element_type=\"container\">\n\t\t\t\t\t<div class=\"e-con-inner\">\n\t\t\t\t\t<\/div>\n\t\t\t\t<\/div>\n\t\t<div class=\"elementor-element elementor-element-775034a7 e-flex e-con-boxed e-con e-parent\" data-id=\"775034a7\" data-element_type=\"container\">\n\t\t\t\t\t<div class=\"e-con-inner\">\n\t\t\t\t<div class=\"elementor-element elementor-element-31caa3e elementor-widget elementor-widget-text-editor\" data-id=\"31caa3e\" data-element_type=\"widget\" data-widget_type=\"text-editor.default\">\n\t\t\t\t<div class=\"elementor-widget-container\">\n\t\t\t\t\t\t\t\t\t\n<h2 class=\"wp-block-heading\">1. Informaci\u00f3n que recopilamos<\/h2>\n\n<p>Recopilamos informaci\u00f3n personal de los usuarios cuando:<\/p>\n\n<ul class=\"wp-block-list\">\n<li>Realizas una reserva o solicitud de informaci\u00f3n.<\/li>\n\n<li>Nos contactas a trav\u00e9s de formularios, correo electr\u00f3nico o WhatsApp.<\/li>\n\n<li>Te suscribes a nuestro bolet\u00edn o promociones.<\/li>\n<\/ul>\n\n<p>La informaci\u00f3n puede incluir:<\/p>\n\n<ul class=\"wp-block-list\">\n<li>Nombre completo<\/li>\n\n<li>N\u00famero de tel\u00e9fono<\/li>\n\n<li>Direcci\u00f3n de correo electr\u00f3nico<\/li>\n\n<li>Fechas de viaje y n\u00famero de hu\u00e9spedes<\/li>\n\n<li>Preferencias de hospedaje<\/li>\n\n<li>Informaci\u00f3n de pago (procesada por terceros con pasarelas seguras)<\/li>\n<\/ul>\n\n<h2 class=\"wp-block-heading\">2. Uso de la informaci\u00f3n<\/h2>\n\n<p>La informaci\u00f3n recopilada se utiliza con los siguientes fines:<\/p>\n\n<ul class=\"wp-block-list\">\n<li>Gestionar reservas y brindar atenci\u00f3n personalizada.<\/li>\n\n<li>Procesar pagos a trav\u00e9s de plataformas seguras.<\/li>\n\n<li>Enviar informaci\u00f3n importante sobre tu estancia.<\/li>\n\n<li>Comunicar ofertas, novedades o servicios (solo si as\u00ed lo autorizas).<\/li>\n\n<li>Mejorar nuestro servicio al cliente y experiencia de usuario.<\/li>\n<\/ul>\n\n<h2 class=\"wp-block-heading\">3. Compartir informaci\u00f3n<\/h2>\n\n<p><strong>No vendemos ni alquilamos tu informaci\u00f3n personal.<\/strong><br \/>Podemos compartirla \u00fanicamente con:<\/p>\n\n<ul class=\"wp-block-list\">\n<li>Proveedores de alojamiento para confirmar tu reserva.<\/li>\n\n<li>Plataformas de pago para procesar transacciones.<\/li>\n\n<li>Proveedores de experiencias adicionales (chef, gu\u00edas, transporte), si son solicitadas por ti.<\/li>\n<\/ul>\n\n<p>Todos nuestros aliados cumplen con normativas de privacidad vigentes.<\/p>\n\n<h2 class=\"wp-block-heading\">4. Seguridad<\/h2>\n\n<p>Aplicamos medidas de seguridad t\u00e9cnicas y administrativas para proteger tu informaci\u00f3n contra accesos no autorizados, p\u00e9rdidas o alteraciones. Usamos conexiones cifradas (SSL) en nuestro sitio web y gestionamos datos mediante plataformas confiables.<\/p>\n\n<h2 class=\"wp-block-heading\">5. Tus derechos<\/h2>\n\n<p>Tienes derecho a:<\/p>\n\n<ul class=\"wp-block-list\">\n<li>Acceder, rectificar o eliminar tu informaci\u00f3n personal.<\/li>\n\n<li>Retirar tu consentimiento para recibir comunicaciones comerciales.<\/li>\n\n<li>Solicitar la portabilidad de tus datos o limitar su uso.<\/li>\n<\/ul>\n\n<p>Puedes ejercer estos derechos escribi\u00e9ndonos a:<br \/>\ud83d\udce9 <strong><a>privacidad@excelsiorresorts.com.mx<\/a><\/strong><\/p>\n\n<h2 class=\"wp-block-heading\">6. Cookies y tecnolog\u00edas similares<\/h2>\n\n<p>Utilizamos cookies para mejorar la experiencia de navegaci\u00f3n y entender c\u00f3mo se usa nuestro sitio. Puedes configurar tu navegador para rechazar cookies, aunque algunas funciones podr\u00edan verse afectadas.<\/p>\n\n<h2 class=\"wp-block-heading\">7. Cambios en esta pol\u00edtica<\/h2>\n\n<p>Nos reservamos el derecho de actualizar esta Pol\u00edtica de Privacidad en cualquier momento. Cualquier cambio ser\u00e1 publicado en esta misma p\u00e1gina con la fecha de \u00faltima actualizaci\u00f3n.<\/p>\n\n<p><strong>\u00daltima actualizaci\u00f3n:<\/strong> 1 de Enero de 2025<\/p>\n\n<p>\u00a0<\/p>\n\t\t\t\t\t\t\t\t<\/div>\n\t\t\t\t<\/div>\n\t\t\t\t\t<\/div>\n\t\t\t\t<\/div>\n\t\t<div class=\"elementor-element elementor-element-118069f e-flex e-con-boxed e-con e-parent\" data-id=\"118069f\" data-element_type=\"container\">\n\t\t\t\t\t<div class=\"e-con-inner\">\n\t\t\t\t<div class=\"elementor-element elementor-element-38b6dd7 elementor-widget-divider--view-line elementor-widget elementor-widget-divider\" data-id=\"38b6dd7\" data-element_type=\"widget\" data-widget_type=\"divider.default\">\n\t\t\t\t<div class=\"elementor-widget-container\">\n\t\t\t\t\t\t\t<div class=\"elementor-divider\">\n\t\t\t<span class=\"elementor-divider-separator\">\n\t\t\t\t\t\t<\/span>\n\t\t<\/div>\n\t\t\t\t\t\t<\/div>\n\t\t\t\t<\/div>\n\t\t\t\t\t<\/div>\n\t\t\t\t<\/div>\n\t\t<div class=\"elementor-element elementor-element-287ed9d e-flex e-con-boxed e-con e-parent\" data-id=\"287ed9d\" data-element_type=\"container\">\n\t\t\t\t\t<div class=\"e-con-inner\">\n\t\t\t\t<div class=\"elementor-element elementor-element-4414736 elementor-widget elementor-widget-spacer\" data-id=\"4414736\" data-element_type=\"widget\" data-widget_type=\"spacer.default\">\n\t\t\t\t<div class=\"elementor-widget-container\">\n\t\t\t\t\t\t\t<div class=\"elementor-spacer\">\n\t\t\t<div class=\"elementor-spacer-inner\"><\/div>\n\t\t<\/div>\n\t\t\t\t\t\t<\/div>\n\t\t\t\t<\/div>\n\t\t\t\t\t<\/div>\n\t\t\t\t<\/div>\n\t\t\t\t<\/div>\n\t\t","protected":false},"excerpt":{"rendered":"<p>Pol\u00edticas de privacidad 1. Informaci\u00f3n que recopilamos Recopilamos informaci\u00f3n personal de los usuarios cuando: La informaci\u00f3n puede incluir: 2. Uso de la informaci\u00f3n La informaci\u00f3n recopilada se utiliza con los siguientes fines: 3. Compartir informaci\u00f3n No vendemos ni alquilamos tu informaci\u00f3n personal.Podemos compartirla \u00fanicamente con: Todos nuestros aliados cumplen con normativas de privacidad vigentes. 4. [&hellip;]<\/p>\n","protected":false},"author":1,"featured_media":0,"parent":0,"menu_order":0,"comment_status":"closed","ping_status":"closed","template":"","meta":{"footnotes":""},"class_list":["post-286","page","type-page","status-publish","hentry"],"_links":{"self":[{"href":"https:\/\/excelsiorresorts.com.mx\/index.php?rest_route=\/wp\/v2\/pages\/286","targetHints":{"allow":["GET"]}}],"collection":[{"href":"https:\/\/excelsiorresorts.com.mx\/index.php?rest_route=\/wp\/v2\/pages"}],"about":[{"href":"https:\/\/excelsiorresorts.com.mx\/index.php?rest_route=\/wp\/v2\/types\/page"}],"author":[{"embeddable":true,"href":"https:\/\/excelsiorresorts.com.mx\/index.php?rest_route=\/wp\/v2\/users\/1"}],"replies":[{"embeddable":true,"href":"https:\/\/excelsiorresorts.com.mx\/index.php?rest_route=%2Fwp%2Fv2%2Fcomments&post=286"}],"version-history":[{"count":12,"href":"https:\/\/excelsiorresorts.com.mx\/index.php?rest_route=\/wp\/v2\/pages\/286\/revisions"}],"predecessor-version":[{"id":305,"href":"https:\/\/excelsiorresorts.com.mx\/index.php?rest_route=\/wp\/v2\/pages\/286\/revisions\/305"}],"wp:attachment":[{"href":"https:\/\/excelsiorresorts.com.mx\/index.php?rest_route=%2Fwp%2Fv2%2Fmedia&parent=286"}],"curies":[{"name":"wp","href":"https:\/\/api.w.org\/{rel}","templated":true}]}}